{"id":194,"date":"2025-11-12T06:48:04","date_gmt":"2025-11-12T00:48:04","guid":{"rendered":"https:\/\/www.chaschoc.unam.mx\/?page_id=194"},"modified":"2026-05-01T08:30:44","modified_gmt":"2026-05-01T02:30:44","slug":"divulgacion","status":"publish","type":"page","link":"https:\/\/www.chaschoc.unam.mx\/index.php\/divulgacion\/","title":{"rendered":"Divulgaci\u00f3n"},"content":{"rendered":"\t\t<div data-elementor-type=\"wp-page\" data-elementor-id=\"194\" class=\"elementor elementor-194\">\n\t\t\t\t<div class=\"elementor-element elementor-element-44ec97b e-flex e-con-boxed e-con e-parent\" data-id=\"44ec97b\" data-element_type=\"container\">\n\t\t\t\t\t<div class=\"e-con-inner\">\n\t\t\t\t<div class=\"elementor-element elementor-element-29c1a27 elementor-widget elementor-widget-heading\" data-id=\"29c1a27\" data-element_type=\"widget\" data-widget_type=\"heading.default\">\n\t\t\t\t<div class=\"elementor-widget-container\">\n\t\t\t\t\t<h2 class=\"elementor-heading-title elementor-size-default\">Videos<\/h2>\t\t\t\t<\/div>\n\t\t\t\t<\/div>\n\t\t\t\t\t<\/div>\n\t\t\t\t<\/div>\n\t\t<div class=\"elementor-element elementor-element-c103a4b e-flex e-con-boxed e-con e-parent\" data-id=\"c103a4b\" data-element_type=\"container\">\n\t\t\t\t\t<div class=\"e-con-inner\">\n\t\t\t\t<div class=\"elementor-element elementor-element-c587a15 elementor-widget elementor-widget-video\" data-id=\"c587a15\" data-element_type=\"widget\" data-settings=\"{&quot;youtube_url&quot;:&quot;https:\\\/\\\/youtu.be\\\/a2pRhmhyNAY?si=FaveE7kWM3_p1Q1H&quot;,&quot;video_type&quot;:&quot;youtube&quot;,&quot;controls&quot;:&quot;yes&quot;}\" data-widget_type=\"video.default\">\n\t\t\t\t<div class=\"elementor-widget-container\">\n\t\t\t\t\t\t\t<div class=\"elementor-wrapper elementor-open-inline\">\n\t\t\t<div class=\"elementor-video\"><\/div>\t\t<\/div>\n\t\t\t\t\t\t<\/div>\n\t\t\t\t<\/div>\n\t\t\t\t<div class=\"elementor-element elementor-element-fa33848 elementor-widget elementor-widget-text-editor\" data-id=\"fa33848\" data-element_type=\"widget\" data-widget_type=\"text-editor.default\">\n\t\t\t\t<div class=\"elementor-widget-container\">\n\t\t\t\t\t\t\t\t\t<p><span style=\"color: #000000;\">El <strong><a href=\"https:\/\/www.chaschoc.unam.mx\/index.php\/antecedentes\/\" target=\"_blank\" rel=\"noopener\">Sistema Lagunar Chaschoc<\/a><\/strong> Sej\u00e1 de Tabasco es un ecosistema diverso que ha sido modificado por distintas actividades humanas. Su importancia ecol\u00f3gica, econ\u00f3mica y social es clave para las comunidades que dependen de sus recursos h\u00eddricos y ambientales. Por ello, un grupo de especialistas universitarios desarrolla un proyecto interdisciplinario que busca comprender su din\u00e1mica y proponer soluciones integrales para su conservaci\u00f3n.<\/span><\/p>\t\t\t\t\t\t\t\t<\/div>\n\t\t\t\t<\/div>\n\t\t\t\t\t<\/div>\n\t\t\t\t<\/div>\n\t\t<div class=\"elementor-element elementor-element-afb9276 e-flex e-con-boxed e-con e-parent\" data-id=\"afb9276\" data-element_type=\"container\">\n\t\t\t\t\t<div class=\"e-con-inner\">\n\t\t\t\t<div class=\"elementor-element elementor-element-60e916b elementor-widget elementor-widget-spacer\" data-id=\"60e916b\" data-element_type=\"widget\" data-widget_type=\"spacer.default\">\n\t\t\t\t<div class=\"elementor-widget-container\">\n\t\t\t\t\t\t\t<div class=\"elementor-spacer\">\n\t\t\t<div class=\"elementor-spacer-inner\"><\/div>\n\t\t<\/div>\n\t\t\t\t\t\t<\/div>\n\t\t\t\t<\/div>\n\t\t\t\t\t<\/div>\n\t\t\t\t<\/div>\n\t\t<div class=\"elementor-element elementor-element-2244bed e-flex e-con-boxed e-con e-parent\" data-id=\"2244bed\" data-element_type=\"container\">\n\t\t\t\t\t<div class=\"e-con-inner\">\n\t\t\t\t<div class=\"elementor-element elementor-element-50c5450 elementor-widget elementor-widget-video\" data-id=\"50c5450\" data-element_type=\"widget\" data-settings=\"{&quot;youtube_url&quot;:&quot;https:\\\/\\\/youtu.be\\\/4m2nl7uY97M?si=bQQ5DesTGbaXMkRv&quot;,&quot;video_type&quot;:&quot;youtube&quot;,&quot;controls&quot;:&quot;yes&quot;}\" data-widget_type=\"video.default\">\n\t\t\t\t<div class=\"elementor-widget-container\">\n\t\t\t\t\t\t\t<div class=\"elementor-wrapper elementor-open-inline\">\n\t\t\t<div class=\"elementor-video\"><\/div>\t\t<\/div>\n\t\t\t\t\t\t<\/div>\n\t\t\t\t<\/div>\n\t\t\t\t<div class=\"elementor-element elementor-element-8e38f96 elementor-widget elementor-widget-text-editor\" data-id=\"8e38f96\" data-element_type=\"widget\" data-widget_type=\"text-editor.default\">\n\t\t\t\t<div class=\"elementor-widget-container\">\n\t\t\t\t\t\t\t\t\t<p><span style=\"color: #000000;\">En el marco del Proyecto Sistema Lagunar Chaschoc Sej\u00e1 de Tabasco, especialistas del Centro del Cambio Global, la Sustentabilidad y del Instituto de Tecnolog\u00eda del Agua analizaron 40 a\u00f1os de datos clim\u00e1ticos: tendencias de temperatura, variabilidad y patrones de precipitaci\u00f3n. Estos estudios revelan c\u00f3mo han cambiado el clima y el ciclo de lluvias en el sistema.<\/span><br \/><br \/><span style=\"color: #000000;\">Te invitamos a conocer m\u00e1s sobre este tema clave para entender el futuro de este ecosistema.<\/span><\/p>\t\t\t\t\t\t\t\t<\/div>\n\t\t\t\t<\/div>\n\t\t\t\t\t<\/div>\n\t\t\t\t<\/div>\n\t\t<div class=\"elementor-element elementor-element-5c9dedb e-flex e-con-boxed e-con e-parent\" data-id=\"5c9dedb\" data-element_type=\"container\">\n\t\t\t\t\t<div class=\"e-con-inner\">\n\t\t\t\t<div class=\"elementor-element elementor-element-88b7785 elementor-widget elementor-widget-video\" data-id=\"88b7785\" data-element_type=\"widget\" data-settings=\"{&quot;youtube_url&quot;:&quot;https:\\\/\\\/youtu.be\\\/ofdDHmncnl0?si=gM-JLg6Jje5azKq4&quot;,&quot;video_type&quot;:&quot;youtube&quot;,&quot;controls&quot;:&quot;yes&quot;}\" data-widget_type=\"video.default\">\n\t\t\t\t<div class=\"elementor-widget-container\">\n\t\t\t\t\t\t\t<div class=\"elementor-wrapper elementor-open-inline\">\n\t\t\t<div class=\"elementor-video\"><\/div>\t\t<\/div>\n\t\t\t\t\t\t<\/div>\n\t\t\t\t<\/div>\n\t\t\t\t<div class=\"elementor-element elementor-element-b5fcea8 elementor-widget elementor-widget-text-editor\" data-id=\"b5fcea8\" data-element_type=\"widget\" data-widget_type=\"text-editor.default\">\n\t\t\t\t<div class=\"elementor-widget-container\">\n\t\t\t\t\t\t\t\t\t<p><span style=\"color: #000000;\">En el marco del Proyecto Sistema Lagunar Chaschoc Sej\u00e1 de Tabasco, especialistas del Centro del Cambio Global, la Sustentabilidad y del Departamento de Ecolog\u00eda y Recursos Naturales de Facultad de Ciencias, UNAM, explican la importancia del suelo y sus procesos.<\/span><\/p><p><span style=\"color: #000000;\">Debajo de nuestros pies est\u00e1 el suelo que, entre minerales, rocas y microorganismos, esconde muchos de los grandes secretos que explican la vida sobre la tierra.\u00a0 En este video, exploramos algunas de sus funciones y par\u00e1metros que se usan para estudiarlo.<\/span><\/p>\t\t\t\t\t\t\t\t<\/div>\n\t\t\t\t<\/div>\n\t\t\t\t\t<\/div>\n\t\t\t\t<\/div>\n\t\t<div class=\"elementor-element elementor-element-e52d25d e-flex e-con-boxed e-con e-parent\" data-id=\"e52d25d\" data-element_type=\"container\">\n\t\t\t\t\t<div class=\"e-con-inner\">\n\t\t\t\t<div class=\"elementor-element elementor-element-07e15f0 elementor-widget elementor-widget-spacer\" data-id=\"07e15f0\" data-element_type=\"widget\" data-widget_type=\"spacer.default\">\n\t\t\t\t<div class=\"elementor-widget-container\">\n\t\t\t\t\t\t\t<div class=\"elementor-spacer\">\n\t\t\t<div class=\"elementor-spacer-inner\"><\/div>\n\t\t<\/div>\n\t\t\t\t\t\t<\/div>\n\t\t\t\t<\/div>\n\t\t\t\t\t<\/div>\n\t\t\t\t<\/div>\n\t\t<div class=\"elementor-element elementor-element-86b55ff e-flex e-con-boxed e-con e-parent\" data-id=\"86b55ff\" data-element_type=\"container\">\n\t\t\t\t\t<div class=\"e-con-inner\">\n\t\t\t\t<div class=\"elementor-element elementor-element-2a400f7 elementor-widget elementor-widget-heading\" data-id=\"2a400f7\" data-element_type=\"widget\" data-widget_type=\"heading.default\">\n\t\t\t\t<div class=\"elementor-widget-container\">\n\t\t\t\t\t<h2 class=\"elementor-heading-title elementor-size-default\">Carteles<\/h2>\t\t\t\t<\/div>\n\t\t\t\t<\/div>\n\t\t\t\t\t<\/div>\n\t\t\t\t<\/div>\n\t\t\t\t<\/div>\n\t\t","protected":false},"excerpt":{"rendered":"<p>Videos https:\/\/youtu.be\/a2pRhmhyNAY?si=FaveE7kWM3_p1Q1H El Sistema Lagunar Chaschoc Sej\u00e1 de Tabasco es un ecosistema diverso que ha sido modificado por distintas actividades humanas. Su importancia ecol\u00f3gica, econ\u00f3mica y social es clave para las comunidades que dependen de sus recursos h\u00eddricos y ambientales. Por ello, un grupo de especialistas universitarios desarrolla un proyecto interdisciplinario que busca comprender su din\u00e1mica y proponer soluciones integrales para su conservaci\u00f3n. https:\/\/youtu.be\/4m2nl7uY97M?si=bQQ5DesTGbaXMkRv En el marco del Proyecto Sistema Lagunar Chaschoc Sej\u00e1 de Tabasco, especialistas del Centro del Cambio Global, la Sustentabilidad y del Instituto de Tecnolog\u00eda del Agua analizaron 40 a\u00f1os de datos clim\u00e1ticos: tendencias de temperatura, variabilidad y patrones de precipitaci\u00f3n. Estos estudios revelan c\u00f3mo han cambiado el clima y el ciclo de lluvias en el sistema. Te invitamos a conocer m\u00e1s sobre este tema clave para entender el futuro de este ecosistema. https:\/\/youtu.be\/ofdDHmncnl0?si=gM-JLg6Jje5azKq4 En el marco del Proyecto Sistema Lagunar Chaschoc Sej\u00e1 de Tabasco, especialistas del&hellip;<\/p>\n<p> <a class=\"more-link\" href=\"https:\/\/www.chaschoc.unam.mx\/index.php\/divulgacion\/\">Leer m\u00e1s<\/a><\/p>\n","protected":false},"author":1,"featured_media":195,"parent":0,"menu_order":0,"comment_status":"closed","ping_status":"closed","template":"","meta":{"om_disable_all_campaigns":false,"_monsterinsights_skip_tracking":false,"_monsterinsights_sitenote_active":false,"_monsterinsights_sitenote_note":"","_monsterinsights_sitenote_category":0,"footnotes":""},"class_list":["post-194","page","type-page","status-publish","has-post-thumbnail"],"aioseo_notices":[],"_links":{"self":[{"href":"https:\/\/www.chaschoc.unam.mx\/index.php\/wp-json\/wp\/v2\/pages\/194","targetHints":{"allow":["GET"]}}],"collection":[{"href":"https:\/\/www.chaschoc.unam.mx\/index.php\/wp-json\/wp\/v2\/pages"}],"about":[{"href":"https:\/\/www.chaschoc.unam.mx\/index.php\/wp-json\/wp\/v2\/types\/page"}],"author":[{"embeddable":true,"href":"https:\/\/www.chaschoc.unam.mx\/index.php\/wp-json\/wp\/v2\/users\/1"}],"replies":[{"embeddable":true,"href":"https:\/\/www.chaschoc.unam.mx\/index.php\/wp-json\/wp\/v2\/comments?post=194"}],"version-history":[{"count":13,"href":"https:\/\/www.chaschoc.unam.mx\/index.php\/wp-json\/wp\/v2\/pages\/194\/revisions"}],"predecessor-version":[{"id":285,"href":"https:\/\/www.chaschoc.unam.mx\/index.php\/wp-json\/wp\/v2\/pages\/194\/revisions\/285"}],"wp:featuredmedia":[{"embeddable":true,"href":"https:\/\/www.chaschoc.unam.mx\/index.php\/wp-json\/wp\/v2\/media\/195"}],"wp:attachment":[{"href":"https:\/\/www.chaschoc.unam.mx\/index.php\/wp-json\/wp\/v2\/media?parent=194"}],"curies":[{"name":"wp","href":"https:\/\/api.w.org\/{rel}","templated":true}]}}