{"id":212,"date":"2025-11-12T07:41:18","date_gmt":"2025-11-12T01:41:18","guid":{"rendered":"https:\/\/www.chaschoc.unam.mx\/?page_id=212"},"modified":"2025-11-28T05:22:26","modified_gmt":"2025-11-27T23:22:26","slug":"participantes","status":"publish","type":"page","link":"https:\/\/www.chaschoc.unam.mx\/index.php\/participantes\/","title":{"rendered":"Participantes"},"content":{"rendered":"\t\t<div data-elementor-type=\"wp-page\" data-elementor-id=\"212\" class=\"elementor elementor-212\">\n\t\t\t\t<div class=\"elementor-element elementor-element-bd3ebc0 e-flex e-con-boxed e-con e-parent\" data-id=\"bd3ebc0\" data-element_type=\"container\">\n\t\t\t\t\t<div class=\"e-con-inner\">\n\t\t\t\t<div class=\"elementor-element elementor-element-8bdc72d elementor-widget elementor-widget-text-editor\" data-id=\"8bdc72d\" data-element_type=\"widget\" data-widget_type=\"text-editor.default\">\n\t\t\t\t<div class=\"elementor-widget-container\">\n\t\t\t\t\t\t\t\t\t<p><span style=\"color: #000000;\">Por la naturaleza del proyecto <strong data-start=\"131\" data-end=\"148\">Chaschoc-Sej\u00e1<\/strong>, el grupo de trabajo est\u00e1 conformado por especialistas de distintas disciplinas y diversas instituciones. Esta colaboraci\u00f3n <strong data-start=\"273\" data-end=\"316\">multidisciplinaria e interinstitucional<\/strong> permite un <strong data-start=\"328\" data-end=\"348\">enfoque integral<\/strong> para comprender y atender las problem\u00e1ticas socioambientales del sistema lagunar.<\/span><\/p>\t\t\t\t\t\t\t\t<\/div>\n\t\t\t\t<\/div>\n\t\t\t\t<div class=\"elementor-element elementor-element-fcb4924 elementor-widget elementor-widget-spacer\" data-id=\"fcb4924\" data-element_type=\"widget\" data-widget_type=\"spacer.default\">\n\t\t\t\t<div class=\"elementor-widget-container\">\n\t\t\t\t\t\t\t<div class=\"elementor-spacer\">\n\t\t\t<div class=\"elementor-spacer-inner\"><\/div>\n\t\t<\/div>\n\t\t\t\t\t\t<\/div>\n\t\t\t\t<\/div>\n\t\t\t\t\t<\/div>\n\t\t\t\t<\/div>\n\t\t<div class=\"elementor-element elementor-element-fa15bcf e-flex e-con-boxed e-con e-parent\" data-id=\"fa15bcf\" data-element_type=\"container\">\n\t\t\t\t\t<div class=\"e-con-inner\">\n\t\t\t\t<div class=\"elementor-element elementor-element-c665623 elementor-widget elementor-widget-text-editor\" data-id=\"c665623\" data-element_type=\"widget\" data-widget_type=\"text-editor.default\">\n\t\t\t\t<div class=\"elementor-widget-container\">\n\t\t\t\t\t\t\t\t\t<p><span style=\"color: #000000;\">El grupo de investigaci\u00f3n que coordina la\u00a0<\/span> <span style=\"color: #008000;\"><strong>Dra. Graciela del Socorro Herrera Zamarr\u00f3n, investigadora del Instituto de Geof\u00edsica<\/strong><\/span> <span style=\"color: #000000;\">est\u00e1 formado por:<\/span><\/p>\t\t\t\t\t\t\t\t<\/div>\n\t\t\t\t<\/div>\n\t\t\t\t\t<\/div>\n\t\t\t\t<\/div>\n\t\t<div class=\"elementor-element elementor-element-8a996ed e-flex e-con-boxed e-con e-parent\" data-id=\"8a996ed\" data-element_type=\"container\">\n\t\t\t\t\t<div class=\"e-con-inner\">\n\t\t<div class=\"elementor-element elementor-element-6a503aa e-con-full e-flex e-con e-child\" data-id=\"6a503aa\" data-element_type=\"container\">\n\t\t\t\t<div class=\"elementor-element elementor-element-d907feb elementor-widget elementor-widget-text-editor\" data-id=\"d907feb\" data-element_type=\"widget\" data-widget_type=\"text-editor.default\">\n\t\t\t\t<div class=\"elementor-widget-container\">\n\t\t\t\t\t\t\t\t\t<p><span style=\"color: #000000;\"><strong>Cand. Dra. Alejandra Cort\u00e9s Silva<\/strong> <\/span><\/p><p><span style=\"color: #000000;\">T\u00e9cnica Acad\u00e9mica <\/span><\/p><p><span style=\"color: #000000;\">Instituto de Geof\u00edsica, UNAM<\/span><\/p><p>\u00a0<\/p><p><span style=\"color: #000000;\"><strong>Mtro. Candelario Peralta Carreta<\/strong><\/span><\/p><p><span style=\"color: #000000;\">T\u00e9cnico Acad\u00e9mico<\/span><\/p><p><span style=\"color: #000000;\">Centro del Cambio Global y la Sustentabilidad<\/span><\/p><p><span style=\"color: #000000;\">\u00a0<\/span><\/p><p><span style=\"color: #000000;\"><strong>Dra. Elizabeth Solleiro Rebolledo<\/strong> <\/span><\/p><p><span style=\"color: #000000;\">Investigadora<\/span><\/p><p><span style=\"color: #000000;\">Instituto de Geolog\u00eda, UNAM<\/span><\/p><p><span style=\"color: #000000;\">\u00a0<\/span><\/p><p><span style=\"color: #000000;\"><strong>Dr. Eric Morales Casique<\/strong><\/span><\/p><p><span style=\"color: #000000;\">Investigador<\/span><\/p><p><span style=\"color: #000000;\">Instituto de Geolog\u00eda, UNAM<\/span><\/p><p><span style=\"color: #000000;\">\u00a0<\/span><\/p><p><span style=\"color: #000000;\"><strong>Dr. Guillermo de Jes\u00fas Hern\u00e1ndez Garc\u00eda<\/strong> <\/span><\/p><p><span style=\"color: #000000;\">T\u00e9cnico Acad\u00e9mico<\/span><\/p><p><span style=\"color: #000000;\">Instituto de Geof\u00edsica, UNAM<\/span><\/p><p>\u00a0<\/p><p><span style=\"color: #000000;\"><strong>Dr. Jos\u00e9 Ivan Morales Arredondo<\/strong><\/span><\/p><p><span style=\"color: #000000;\">Investigador<\/span><\/p><p><span style=\"color: #000000;\">Instituto de Geof\u00edsica, UNAM<\/span><\/p>\t\t\t\t\t\t\t\t<\/div>\n\t\t\t\t<\/div>\n\t\t\t\t<\/div>\n\t\t<div class=\"elementor-element elementor-element-c600984 e-con-full e-flex e-con e-child\" data-id=\"c600984\" data-element_type=\"container\">\n\t\t\t\t<div class=\"elementor-element elementor-element-c4c0d80 elementor-widget elementor-widget-text-editor\" data-id=\"c4c0d80\" data-element_type=\"widget\" data-widget_type=\"text-editor.default\">\n\t\t\t\t<div class=\"elementor-widget-container\">\n\t\t\t\t\t\t\t\t\t<p><span style=\"color: #000000;\"><strong>Dra. Nelly Lucero Ram\u00edrez Serrato<\/strong><\/span><\/p><p><span style=\"color: #000000;\">Investigadora<\/span><\/p><p><span style=\"color: #000000;\">Instituto de Geof\u00edsica, UNAM<\/span><\/p><p>\u00a0<\/p><p><span style=\"color: #000000;\"><strong>Dra. Mar\u00eda Aurora Armienta Hern\u00e1ndez<\/strong><\/span><\/p><p><span style=\"color: #000000;\">Investigadora<\/span><\/p><p><span style=\"color: #000000;\">Instituto de Geof\u00edsica, UNAM<\/span><\/p><p><span style=\"color: #000000;\">\u00a0<\/span><\/p><p><span style=\"color: #000000;\"><strong>Dr. Mario Alberto Hern\u00e1ndez Hern\u00e1ndez <\/strong><\/span><\/p><p><span style=\"color: #000000;\">Investigador<\/span><\/p><p><span style=\"color: #000000;\">Instituto de Geof\u00edsica, UNAM<\/span><\/p><p>\u00a0<\/p><p><span style=\"color: #000000;\"><strong>Dr. Mart\u00edn Jos\u00e9 Montero Mart\u00ednez<\/strong><\/span><\/p><p><span style=\"color: #000000;\">Tecn\u00f3logo del Agua<\/span><\/p><p><span style=\"color: #000000;\">Instituci\u00f3n en la que labora Instituto Mexicano de Tecnolog\u00eda del Agua<\/span><\/p><p>\u00a0<\/p><p><strong><span style=\"color: #000000;\">Dra. Mercedes Andrade Vel\u00e1zquez <\/span><\/strong><\/p><p><span style=\"color: #000000;\">Investigadora por M\u00e9xico<\/span><\/p><p><span style=\"color: #000000;\">Centro del Cambio Global y la Sustentabilidad,<\/span><\/p><p><span style=\"color: #000000; word-spacing: normal;\">\u00a0<\/span><\/p><p><strong><span style=\"color: #000000;\">Dr. Rafael Antonio L\u00f3pez Mart\u00ednez<\/span><\/strong><\/p><p><span style=\"color: #000000;\">Investigador <\/span><\/p><p><span style=\"color: #000000;\">Instituto de Geolog\u00eda, UNAM<\/span><\/p>\t\t\t\t\t\t\t\t<\/div>\n\t\t\t\t<\/div>\n\t\t\t\t<\/div>\n\t\t\t\t\t<\/div>\n\t\t\t\t<\/div>\n\t\t<div class=\"elementor-element elementor-element-1e1fe80 e-flex e-con-boxed e-con e-parent\" data-id=\"1e1fe80\" data-element_type=\"container\">\n\t\t\t\t\t<div class=\"e-con-inner\">\n\t\t\t\t<div class=\"elementor-element elementor-element-a0c30b0 elementor-widget elementor-widget-spacer\" data-id=\"a0c30b0\" data-element_type=\"widget\" data-widget_type=\"spacer.default\">\n\t\t\t\t<div class=\"elementor-widget-container\">\n\t\t\t\t\t\t\t<div class=\"elementor-spacer\">\n\t\t\t<div class=\"elementor-spacer-inner\"><\/div>\n\t\t<\/div>\n\t\t\t\t\t\t<\/div>\n\t\t\t\t<\/div>\n\t\t\t\t\t<\/div>\n\t\t\t\t<\/div>\n\t\t<div class=\"elementor-element elementor-element-d6046fb e-flex e-con-boxed e-con e-parent\" data-id=\"d6046fb\" data-element_type=\"container\">\n\t\t\t\t\t<div class=\"e-con-inner\">\n\t\t\t\t<div class=\"elementor-element elementor-element-bf10eba elementor-widget elementor-widget-text-editor\" data-id=\"bf10eba\" data-element_type=\"widget\" data-widget_type=\"text-editor.default\">\n\t\t\t\t<div class=\"elementor-widget-container\">\n\t\t\t\t\t\t\t\t\t<p><span style=\"color: #000000;\">El grupo de investigaci\u00f3n que coordina el<\/span> <span style=\"color: #008000;\"><strong>Dr. <span style=\"color: #008000;\">Enrique Mart\u00ednez Meyer<\/span><\/strong><strong>, investigador del Instituto de Biolog\u00eda<\/strong><\/span>, <span style=\"color: #000000;\">est\u00e1 formado por:<\/span><\/p>\t\t\t\t\t\t\t\t<\/div>\n\t\t\t\t<\/div>\n\t\t\t\t\t<\/div>\n\t\t\t\t<\/div>\n\t\t<div class=\"elementor-element elementor-element-ee1b132 e-flex e-con-boxed e-con e-parent\" data-id=\"ee1b132\" data-element_type=\"container\">\n\t\t\t\t\t<div class=\"e-con-inner\">\n\t\t<div class=\"elementor-element elementor-element-0868a61 e-con-full e-flex e-con e-child\" data-id=\"0868a61\" data-element_type=\"container\">\n\t\t\t\t<div class=\"elementor-element elementor-element-0958f61 elementor-widget elementor-widget-text-editor\" data-id=\"0958f61\" data-element_type=\"widget\" data-widget_type=\"text-editor.default\">\n\t\t\t\t<div class=\"elementor-widget-container\">\n\t\t\t\t\t\t\t\t\t<p><strong><span style=\"color: #000000;\">Dr. Alejandro Francisco Oceguera Figueroa<\/span><\/strong><\/p><p><span style=\"color: #000000;\">Investigador<\/span><\/p><p><span style=\"color: #000000;\">Instituto de Biolog\u00eda, UNAM<\/span><\/p><p><span style=\"color: #000000;\">\u00a0<\/span><\/p><p><span style=\"color: #000000;\"><strong>Dra. Andrea Mart\u00ednez Balleste<\/strong> <\/span><\/p><p><span style=\"color: #000000;\">Investigadora<\/span><\/p><p><span style=\"color: #000000;\">Instituto de Biolog\u00eda, UNAM<\/span><\/p><p><span style=\"color: #000000;\">\u00a0<\/span><\/p><p><span style=\"color: #000000;\"><strong>Dra. Claudia Patricia Ornelas Garc\u00eda<\/strong> <\/span><\/p><p><span style=\"color: #000000;\">Investigadora<\/span><\/p><p><span style=\"color: #000000;\">Instituto de Biolog\u00eda, UNAM<\/span><\/p><p><span style=\"color: #000000;\">\u00a0<\/span><\/p><p><span style=\"color: #000000;\"><strong>Dr. Jorge Cort\u00e9s Flores<\/strong> <\/span><\/p><p><span style=\"color: #000000;\">Investigador<\/span><\/p><p><span style=\"color: #000000;\">Instituto de Biolog\u00eda, UNAM<\/span><\/p><p><span style=\"color: #000000;\">\u00a0<\/span><\/p><p><strong><span style=\"color: #000000;\">Dr. Jos\u00e9 Pedro Ram\u00edrez Garc\u00eda Armora<\/span><\/strong><\/p><p><span style=\"color: #000000;\">Investigador<\/span><\/p><p><span style=\"color: #000000;\">Instituto de Biolog\u00eda, UNAM<\/span><\/p>\t\t\t\t\t\t\t\t<\/div>\n\t\t\t\t<\/div>\n\t\t\t\t<\/div>\n\t\t<div class=\"elementor-element elementor-element-3517d7a e-con-full e-flex e-con e-child\" data-id=\"3517d7a\" data-element_type=\"container\">\n\t\t\t\t<div class=\"elementor-element elementor-element-0915fc3 elementor-widget elementor-widget-text-editor\" data-id=\"0915fc3\" data-element_type=\"widget\" data-widget_type=\"text-editor.default\">\n\t\t\t\t<div class=\"elementor-widget-container\">\n\t\t\t\t\t\t\t\t\t<p><strong><span style=\"color: #000000;\">Dr. Leonardo Alejandro Beltr\u00e1n Rodr\u00edguez<\/span><\/strong><\/p><p><span style=\"color: #000000;\">Investigador<\/span><\/p><p><span style=\"color: #000000;\">Instituto de Biolog\u00eda, UNAM<\/span><\/p><p><span style=\"color: #000000;\">\u00a0<\/span><\/p><p><span style=\"color: #000000;\"><strong>Dra. Luc\u00eda Sanaphre Villanueva<\/strong> <\/span><\/p><p><span style=\"color: #000000;\">Investigadora por M\u00e9xico<\/span><\/p><p><span style=\"color: #000000;\">Universidad Aut\u00f3noma de Quer\u00e9taro <\/span><span style=\"color: #000000;\">\u00a0<\/span><\/p><p>\u00a0<\/p><p><strong><span style=\"color: #000000;\">Dr. Luis Gerardo Herrera Montalvo<\/span><\/strong><\/p><p><span style=\"color: #000000;\">Investigador<\/span><\/p><p><span style=\"color: #000000;\">Instituto de Biolog\u00eda, UNAM<\/span><\/p><p><span style=\"color: #000000;\">\u00a0<\/span><\/p><p><span style=\"color: #000000;\"><strong>Dr. Rodrigo Garc\u00eda Morales<\/strong> <\/span><\/p><p><span style=\"color: #000000;\">Investigador por M\u00e9xico<\/span><\/p><p><span style=\"color: #000000;\">Centro de Investigaci\u00f3n sobre el Cambio Global<\/span><\/p><p><span style=\"color: #000000;\">\u00a0<\/span><\/p><p><span style=\"color: #000000;\"><strong>Dra. Virginia Le\u00f3n Regagnon<\/strong> <\/span><\/p><p><span style=\"color: #000000;\">Investigadora<\/span><\/p><p><span style=\"color: #000000;\">Instituto de Biolog\u00eda, UNAM<\/span><\/p>\t\t\t\t\t\t\t\t<\/div>\n\t\t\t\t<\/div>\n\t\t\t\t<\/div>\n\t\t\t\t\t<\/div>\n\t\t\t\t<\/div>\n\t\t<div class=\"elementor-element elementor-element-edd2d37 e-flex e-con-boxed e-con e-parent\" data-id=\"edd2d37\" data-element_type=\"container\">\n\t\t\t\t\t<div class=\"e-con-inner\">\n\t\t\t\t<div class=\"elementor-element elementor-element-5aca2c1 elementor-widget elementor-widget-spacer\" data-id=\"5aca2c1\" data-element_type=\"widget\" data-widget_type=\"spacer.default\">\n\t\t\t\t<div class=\"elementor-widget-container\">\n\t\t\t\t\t\t\t<div class=\"elementor-spacer\">\n\t\t\t<div class=\"elementor-spacer-inner\"><\/div>\n\t\t<\/div>\n\t\t\t\t\t\t<\/div>\n\t\t\t\t<\/div>\n\t\t\t\t\t<\/div>\n\t\t\t\t<\/div>\n\t\t<div class=\"elementor-element elementor-element-3aff6ab e-flex e-con-boxed e-con e-parent\" data-id=\"3aff6ab\" data-element_type=\"container\">\n\t\t\t\t\t<div class=\"e-con-inner\">\n\t\t\t\t<div class=\"elementor-element elementor-element-5b6fade elementor-widget elementor-widget-text-editor\" data-id=\"5b6fade\" data-element_type=\"widget\" data-widget_type=\"text-editor.default\">\n\t\t\t\t<div class=\"elementor-widget-container\">\n\t\t\t\t\t\t\t\t\t<p><span style=\"color: #000000;\">El grupo de investigaci\u00f3n que coordina el <span style=\"color: #008000;\"><strong>Dr. Enrique Arturo Cantoral Uriza, Profesor de Carrera de la Unidad Multidisciplinaria de Docencia e Investigaci\u00f3n de Juriquilla de la Facultad de Ciencias,<\/strong><\/span> \u00a0est\u00e1 formado por:<\/span><\/p>\t\t\t\t\t\t\t\t<\/div>\n\t\t\t\t<\/div>\n\t\t\t\t\t<\/div>\n\t\t\t\t<\/div>\n\t\t<div class=\"elementor-element elementor-element-58cae17 e-flex e-con-boxed e-con e-parent\" data-id=\"58cae17\" data-element_type=\"container\">\n\t\t\t\t\t<div class=\"e-con-inner\">\n\t\t<div class=\"elementor-element elementor-element-e1aa914 e-con-full e-flex e-con e-child\" data-id=\"e1aa914\" data-element_type=\"container\">\n\t\t\t\t<div class=\"elementor-element elementor-element-c76332f elementor-widget elementor-widget-text-editor\" data-id=\"c76332f\" data-element_type=\"widget\" data-widget_type=\"text-editor.default\">\n\t\t\t\t<div class=\"elementor-widget-container\">\n\t\t\t\t\t\t\t\t\t<p><strong><span style=\"color: #000000;\">Dr. Francisco Javier \u00c1lvarez S\u00e1nchez\u00a0 <\/span><\/strong><\/p><p><span style=\"color: #000000;\">Coordinador del Centro de Investigaci\u00f3n sobre el Cambio Global\u00a0<\/span><\/p><p><span style=\"color: #000000; word-spacing: normal;\">Profesor de Tiempo Completo de la Facultad de Ciencias, UNAM<\/span><\/p><p><span style=\"color: #000000;\">\u00a0<\/span><\/p><p><span style=\"color: #000000;\"><strong>Dra. Gema Hidalgo Rodr\u00edguez\u00a0<\/strong> <\/span><\/p><p><span style=\"color: #000000;\">Investigadora <\/span><\/p><p><span style=\"color: #000000;\">Centro del Cambio Global y la Sustentabilidad A.C<\/span><\/p><p><span style=\"color: #000000;\">\u00a0<\/span><\/p><p><span style=\"color: #000000;\"><strong>Dra. Irene S\u00e1nchez Gallen<\/strong> <\/span><\/p><p><span style=\"color: #000000;\">T\u00e9cnica Acad\u00e9mica<\/span><\/p><p><span style=\"color: #000000;\">Facultad de Ciencias<\/span><\/p>\t\t\t\t\t\t\t\t<\/div>\n\t\t\t\t<\/div>\n\t\t\t\t<\/div>\n\t\t<div class=\"elementor-element elementor-element-8e783b5 e-con-full e-flex e-con e-child\" data-id=\"8e783b5\" data-element_type=\"container\">\n\t\t\t\t<div class=\"elementor-element elementor-element-ed267f4 elementor-widget elementor-widget-text-editor\" data-id=\"ed267f4\" data-element_type=\"widget\" data-widget_type=\"text-editor.default\">\n\t\t\t\t<div class=\"elementor-widget-container\">\n\t\t\t\t\t\t\t\t\t<p><span style=\"color: #000000;\"><strong>Dra. Karina Esqueda Lara<\/strong> <\/span><\/p><p><span style=\"color: #000000;\">Investigadora\u00a0<\/span><\/p><p><span style=\"color: #000000;\">Centro de Investigaci\u00f3n sobre el Cambio Global\u00a0<\/span><\/p><p><span style=\"color: #000000;\">\u00a0<\/span><\/p><p><strong><span style=\"color: #000000;\">Dra. Miriam Guadalupe Bojorge Garc\u00eda<\/span><\/strong><\/p><p><span style=\"color: #000000;\">T\u00e9cnica Acad\u00e9mica <\/span><\/p><p><span style=\"color: #000000;\">UMDI Juriquilla, Facultad de Ciencias<\/span><\/p>\t\t\t\t\t\t\t\t<\/div>\n\t\t\t\t<\/div>\n\t\t\t\t<\/div>\n\t\t\t\t\t<\/div>\n\t\t\t\t<\/div>\n\t\t\t\t<\/div>\n\t\t","protected":false},"excerpt":{"rendered":"<p>Por la naturaleza del proyecto Chaschoc-Sej\u00e1, el grupo de trabajo est\u00e1 conformado por especialistas de distintas disciplinas y diversas instituciones. Esta colaboraci\u00f3n multidisciplinaria e interinstitucional permite un enfoque integral para comprender y atender las problem\u00e1ticas socioambientales del sistema lagunar. El grupo de investigaci\u00f3n que coordina la\u00a0 Dra. Graciela del Socorro Herrera Zamarr\u00f3n, investigadora del Instituto de Geof\u00edsica est\u00e1 formado por: Cand. Dra. Alejandra Cort\u00e9s Silva T\u00e9cnica Acad\u00e9mica Instituto de Geof\u00edsica, UNAM \u00a0 Mtro. Candelario Peralta Carreta T\u00e9cnico Acad\u00e9mico Centro del Cambio Global y la Sustentabilidad \u00a0 Dra. Elizabeth Solleiro Rebolledo Investigadora Instituto de Geolog\u00eda, UNAM \u00a0 Dr. Eric Morales Casique Investigador Instituto de Geolog\u00eda, UNAM \u00a0 Dr. Guillermo de Jes\u00fas Hern\u00e1ndez Garc\u00eda T\u00e9cnico Acad\u00e9mico Instituto de Geof\u00edsica, UNAM \u00a0 Dr. Jos\u00e9 Ivan Morales Arredondo Investigador Instituto de Geof\u00edsica, UNAM Dra. Nelly Lucero Ram\u00edrez Serrato Investigadora Instituto de Geof\u00edsica, UNAM \u00a0 Dra. Mar\u00eda Aurora Armienta Hern\u00e1ndez Investigadora Instituto de Geof\u00edsica, UNAM&hellip;<\/p>\n<p> <a class=\"more-link\" href=\"https:\/\/www.chaschoc.unam.mx\/index.php\/participantes\/\">Leer m\u00e1s<\/a><\/p>\n","protected":false},"author":1,"featured_media":213,"parent":0,"menu_order":0,"comment_status":"closed","ping_status":"closed","template":"","meta":{"om_disable_all_campaigns":false,"_monsterinsights_skip_tracking":false,"_monsterinsights_sitenote_active":false,"_monsterinsights_sitenote_note":"","_monsterinsights_sitenote_category":0,"footnotes":""},"class_list":["post-212","page","type-page","status-publish","has-post-thumbnail"],"aioseo_notices":[],"_links":{"self":[{"href":"https:\/\/www.chaschoc.unam.mx\/index.php\/wp-json\/wp\/v2\/pages\/212","targetHints":{"allow":["GET"]}}],"collection":[{"href":"https:\/\/www.chaschoc.unam.mx\/index.php\/wp-json\/wp\/v2\/pages"}],"about":[{"href":"https:\/\/www.chaschoc.unam.mx\/index.php\/wp-json\/wp\/v2\/types\/page"}],"author":[{"embeddable":true,"href":"https:\/\/www.chaschoc.unam.mx\/index.php\/wp-json\/wp\/v2\/users\/1"}],"replies":[{"embeddable":true,"href":"https:\/\/www.chaschoc.unam.mx\/index.php\/wp-json\/wp\/v2\/comments?post=212"}],"version-history":[{"count":22,"href":"https:\/\/www.chaschoc.unam.mx\/index.php\/wp-json\/wp\/v2\/pages\/212\/revisions"}],"predecessor-version":[{"id":276,"href":"https:\/\/www.chaschoc.unam.mx\/index.php\/wp-json\/wp\/v2\/pages\/212\/revisions\/276"}],"wp:featuredmedia":[{"embeddable":true,"href":"https:\/\/www.chaschoc.unam.mx\/index.php\/wp-json\/wp\/v2\/media\/213"}],"wp:attachment":[{"href":"https:\/\/www.chaschoc.unam.mx\/index.php\/wp-json\/wp\/v2\/media?parent=212"}],"curies":[{"name":"wp","href":"https:\/\/api.w.org\/{rel}","templated":true}]}}