{"id":49,"date":"2025-11-10T20:05:17","date_gmt":"2025-11-10T20:05:17","guid":{"rendered":"https:\/\/www.chaschoc.unam.mx\/?page_id=49"},"modified":"2025-11-26T09:08:34","modified_gmt":"2025-11-26T03:08:34","slug":"nosotros","status":"publish","type":"page","link":"https:\/\/www.chaschoc.unam.mx\/index.php\/nosotros\/","title":{"rendered":"Nosotros"},"content":{"rendered":"\t\t<div data-elementor-type=\"wp-page\" data-elementor-id=\"49\" class=\"elementor elementor-49\">\n\t\t\t\t<div class=\"elementor-element elementor-element-9bf56f8 e-flex e-con-boxed e-con e-parent\" data-id=\"9bf56f8\" data-element_type=\"container\">\n\t\t\t\t\t<div class=\"e-con-inner\">\n\t\t\t\t<div class=\"elementor-element elementor-element-30eae25 elementor-widget elementor-widget-text-editor\" data-id=\"30eae25\" data-element_type=\"widget\" data-widget_type=\"text-editor.default\">\n\t\t\t\t<div class=\"elementor-widget-container\">\n\t\t\t\t\t\t\t\t\t<p>El sistema lagunar Chaschoc-Sej\u00e1, ubicado en la cuenca baja del r\u00edo Usumacinta (Tabasco), es un socioecosistema clave que enfrenta presiones derivadas del cambio global: alteraciones clim\u00e1ticas, p\u00e9rdida de biodiversidad, contaminaci\u00f3n, modificaci\u00f3n del uso de suelo y crisis en los ciclos del agua.<\/p><p>Este proyecto estudia de forma integral c\u00f3mo los procesos f\u00edsicos, clim\u00e1ticos, ambientales y sociales han transformado hist\u00f3ricamente este sistema y qu\u00e9 impactos tienen hoy en su biodiversidad y en las comunidades que dependen de \u00e9l.<\/p>\t\t\t\t\t\t\t\t<\/div>\n\t\t\t\t<\/div>\n\t\t\t\t\t<\/div>\n\t\t\t\t<\/div>\n\t\t<div class=\"elementor-element elementor-element-b44af8b e-flex e-con-boxed e-con e-parent\" data-id=\"b44af8b\" data-element_type=\"container\">\n\t\t\t\t\t<div class=\"e-con-inner\">\n\t\t\t\t<div class=\"elementor-element elementor-element-8f128b9 elementor-widget elementor-widget-image\" data-id=\"8f128b9\" data-element_type=\"widget\" data-widget_type=\"image.default\">\n\t\t\t\t<div class=\"elementor-widget-container\">\n\t\t\t\t\t\t\t\t\t\t\t\t\t\t\t<img fetchpriority=\"high\" decoding=\"async\" width=\"800\" height=\"400\" src=\"https:\/\/www.chaschoc.unam.mx\/wp-content\/uploads\/2025\/11\/ubicacion-Tabasco.jpg\" class=\"attachment-large size-large wp-image-149\" alt=\"\" \/>\t\t\t\t\t\t\t\t\t\t\t\t\t\t\t<\/div>\n\t\t\t\t<\/div>\n\t\t\t\t\t<\/div>\n\t\t\t\t<\/div>\n\t\t<div class=\"elementor-element elementor-element-7e3dbcc e-flex e-con-boxed e-con e-parent\" data-id=\"7e3dbcc\" data-element_type=\"container\">\n\t\t\t\t\t<div class=\"e-con-inner\">\n\t\t\t\t<div class=\"elementor-element elementor-element-c0bec94 elementor-widget elementor-widget-spacer\" data-id=\"c0bec94\" data-element_type=\"widget\" data-widget_type=\"spacer.default\">\n\t\t\t\t<div class=\"elementor-widget-container\">\n\t\t\t\t\t\t\t<div class=\"elementor-spacer\">\n\t\t\t<div class=\"elementor-spacer-inner\"><\/div>\n\t\t<\/div>\n\t\t\t\t\t\t<\/div>\n\t\t\t\t<\/div>\n\t\t\t\t\t<\/div>\n\t\t\t\t<\/div>\n\t\t<div class=\"elementor-element elementor-element-3633a37 e-flex e-con-boxed e-con e-parent\" data-id=\"3633a37\" data-element_type=\"container\">\n\t\t\t\t\t<div class=\"e-con-inner\">\n\t\t\t\t<div class=\"elementor-element elementor-element-fdb8341 elementor-widget elementor-widget-text-editor\" data-id=\"fdb8341\" data-element_type=\"widget\" data-widget_type=\"text-editor.default\">\n\t\t\t\t<div class=\"elementor-widget-container\">\n\t\t\t\t\t\t\t\t\t<p>A trav\u00e9s de un enfoque interdisciplinario y con participaci\u00f3n comunitaria, se busca generar conocimiento que permita:<\/p><ul><li><p><span style=\"color: #008000;\"><strong>Evaluar la conectividad ecol\u00f3gica entre el sistema lagunar y su entorno.<\/strong><\/span><\/p><\/li><li><p><span style=\"color: #008000;\"><strong>Analizar la din\u00e1mica hidrol\u00f3gica y clim\u00e1tica para anticipar escenarios futuros.<\/strong><\/span><\/p><\/li><li><p><span style=\"color: #008000;\"><strong>Diagnosticar los efectos de actividades humanas como agricultura extensiva, ganader\u00eda, palma de aceite y explotaci\u00f3n petrolera.<\/strong><\/span><\/p><\/li><li><p><span style=\"color: #008000;\"><strong>Dise\u00f1ar intervenciones basadas en la naturaleza que restauren la integridad del ecosistema.<\/strong><\/span><\/p><\/li><\/ul><p data-start=\"1220\" data-end=\"1479\">Chaschoc-Sej\u00e1 funciona como un <strong data-start=\"1251\" data-end=\"1311\">microcosmos de los grandes desaf\u00edos ambientales globales<\/strong>. Su estudio ofrece herramientas y soluciones para la conservaci\u00f3n de la biodiversidad, la gesti\u00f3n sostenible de los recursos y el bienestar de las comunidades locales.<\/p>\t\t\t\t\t\t\t\t<\/div>\n\t\t\t\t<\/div>\n\t\t\t\t\t<\/div>\n\t\t\t\t<\/div>\n\t\t\t\t<\/div>\n\t\t","protected":false},"excerpt":{"rendered":"<p>El sistema lagunar Chaschoc-Sej\u00e1, ubicado en la cuenca baja del r\u00edo Usumacinta (Tabasco), es un socioecosistema clave que enfrenta presiones derivadas del cambio global: alteraciones clim\u00e1ticas, p\u00e9rdida de biodiversidad, contaminaci\u00f3n, modificaci\u00f3n del uso de suelo y crisis en los ciclos del agua. Este proyecto estudia de forma integral c\u00f3mo los procesos f\u00edsicos, clim\u00e1ticos, ambientales y sociales han transformado hist\u00f3ricamente este sistema y qu\u00e9 impactos tienen hoy en su biodiversidad y en las comunidades que dependen de \u00e9l. A trav\u00e9s de un enfoque interdisciplinario y con participaci\u00f3n comunitaria, se busca generar conocimiento que permita: Evaluar la conectividad ecol\u00f3gica entre el sistema lagunar y su entorno. Analizar la din\u00e1mica hidrol\u00f3gica y clim\u00e1tica para anticipar escenarios futuros. Diagnosticar los efectos de actividades humanas como agricultura extensiva, ganader\u00eda, palma de aceite y explotaci\u00f3n petrolera. Dise\u00f1ar intervenciones basadas en la naturaleza que restauren la integridad del ecosistema. Chaschoc-Sej\u00e1 funciona como un microcosmos de los grandes&hellip;<\/p>\n<p> <a class=\"more-link\" href=\"https:\/\/www.chaschoc.unam.mx\/index.php\/nosotros\/\">Leer m\u00e1s<\/a><\/p>\n","protected":false},"author":1,"featured_media":77,"parent":0,"menu_order":0,"comment_status":"closed","ping_status":"closed","template":"","meta":{"om_disable_all_campaigns":false,"_monsterinsights_skip_tracking":false,"_monsterinsights_sitenote_active":false,"_monsterinsights_sitenote_note":"","_monsterinsights_sitenote_category":0,"footnotes":""},"class_list":["post-49","page","type-page","status-publish","has-post-thumbnail"],"aioseo_notices":[],"_links":{"self":[{"href":"https:\/\/www.chaschoc.unam.mx\/index.php\/wp-json\/wp\/v2\/pages\/49","targetHints":{"allow":["GET"]}}],"collection":[{"href":"https:\/\/www.chaschoc.unam.mx\/index.php\/wp-json\/wp\/v2\/pages"}],"about":[{"href":"https:\/\/www.chaschoc.unam.mx\/index.php\/wp-json\/wp\/v2\/types\/page"}],"author":[{"embeddable":true,"href":"https:\/\/www.chaschoc.unam.mx\/index.php\/wp-json\/wp\/v2\/users\/1"}],"replies":[{"embeddable":true,"href":"https:\/\/www.chaschoc.unam.mx\/index.php\/wp-json\/wp\/v2\/comments?post=49"}],"version-history":[{"count":10,"href":"https:\/\/www.chaschoc.unam.mx\/index.php\/wp-json\/wp\/v2\/pages\/49\/revisions"}],"predecessor-version":[{"id":259,"href":"https:\/\/www.chaschoc.unam.mx\/index.php\/wp-json\/wp\/v2\/pages\/49\/revisions\/259"}],"wp:featuredmedia":[{"embeddable":true,"href":"https:\/\/www.chaschoc.unam.mx\/index.php\/wp-json\/wp\/v2\/media\/77"}],"wp:attachment":[{"href":"https:\/\/www.chaschoc.unam.mx\/index.php\/wp-json\/wp\/v2\/media?parent=49"}],"curies":[{"name":"wp","href":"https:\/\/api.w.org\/{rel}","templated":true}]}}