{"id":53,"date":"2025-11-10T20:06:04","date_gmt":"2025-11-10T20:06:04","guid":{"rendered":"https:\/\/www.chaschoc.unam.mx\/?page_id=53"},"modified":"2025-11-26T08:56:26","modified_gmt":"2025-11-26T02:56:26","slug":"antecedentes","status":"publish","type":"page","link":"https:\/\/www.chaschoc.unam.mx\/index.php\/antecedentes\/","title":{"rendered":"Antecedentes"},"content":{"rendered":"\t\t<div data-elementor-type=\"wp-page\" data-elementor-id=\"53\" class=\"elementor elementor-53\">\n\t\t\t\t<div class=\"elementor-element elementor-element-e9f8b65 e-flex e-con-boxed e-con e-parent\" data-id=\"e9f8b65\" data-element_type=\"container\">\n\t\t\t\t\t<div class=\"e-con-inner\">\n\t\t\t\t<div class=\"elementor-element elementor-element-84464bc elementor-widget elementor-widget-text-editor\" data-id=\"84464bc\" data-element_type=\"widget\" data-widget_type=\"text-editor.default\">\n\t\t\t\t<div class=\"elementor-widget-container\">\n\t\t\t\t\t\t\t\t\t<h2><span style=\"color: #339966;\"><strong>Antecedentes y relevancia del proyecto Chaschoc-Sej\u00e1<\/strong><\/span><\/h2><p>\u00a0<\/p><p>El planeta atraviesa un periodo de <strong>cambios socioambientales sin precedentes<\/strong>, con impactos que rebasan los l\u00edmites de estabilidad del sistema terrestre (R\u00f6ckstrom et al. 2009, 2023). Alteraciones en el clima, el ciclo del agua, los ciclos biogeoqu\u00edmicos, la cobertura del suelo, la biodiversidad y la presencia de nuevos contaminantes est\u00e1n modificando de forma acelerada los ecosistemas y afectando el bienestar humano (Steffen et al. 2015; Persson et al. 2022; Wang-Erlandsson et al. 2022). Estos procesos globales se expresan de manera directa en los sistemas locales, donde sus efectos se vuelven m\u00e1s visibles y urgentes.<\/p>\t\t\t\t\t\t\t\t<\/div>\n\t\t\t\t<\/div>\n\t\t\t\t\t<\/div>\n\t\t\t\t<\/div>\n\t\t<div class=\"elementor-element elementor-element-33673b8 e-flex e-con-boxed e-con e-parent\" data-id=\"33673b8\" data-element_type=\"container\">\n\t\t\t\t\t<div class=\"e-con-inner\">\n\t\t<div class=\"elementor-element elementor-element-1385f33 e-con-full e-flex e-con e-child\" data-id=\"1385f33\" data-element_type=\"container\">\n\t\t\t\t<div class=\"elementor-element elementor-element-8b07780 elementor-widget elementor-widget-spacer\" data-id=\"8b07780\" data-element_type=\"widget\" data-widget_type=\"spacer.default\">\n\t\t\t\t<div class=\"elementor-widget-container\">\n\t\t\t\t\t\t\t<div class=\"elementor-spacer\">\n\t\t\t<div class=\"elementor-spacer-inner\"><\/div>\n\t\t<\/div>\n\t\t\t\t\t\t<\/div>\n\t\t\t\t<\/div>\n\t\t\t\t<div class=\"elementor-element elementor-element-58e112f elementor-widget elementor-widget-text-editor\" data-id=\"58e112f\" data-element_type=\"widget\" data-widget_type=\"text-editor.default\">\n\t\t\t\t<div class=\"elementor-widget-container\">\n\t\t\t\t\t\t\t\t\t<p>En este contexto, el <strong>sistema lagunar Chaschoc-Sej\u00e1 (SLCS)<\/strong>, en Emiliano Zapata, Tabasco, se presenta como un microcosmos de los desaf\u00edos del cambio global. Parte de la cuenca baja del r\u00edo Usumacinta \u2014el humedal m\u00e1s extenso e importante de Mesoam\u00e9rica (Barba-Mac\u00edas et al. 2018)\u2014, este sistema concentra problem\u00e1ticas como deforestaci\u00f3n, cambios en el uso de suelo, contaminaci\u00f3n del agua, modificaciones en el flujo hidrol\u00f3gico y una creciente vulnerabilidad clim\u00e1tica.<\/p>\t\t\t\t\t\t\t\t<\/div>\n\t\t\t\t<\/div>\n\t\t\t\t<\/div>\n\t\t<div class=\"elementor-element elementor-element-83a8a34 e-con-full e-flex e-con e-child\" data-id=\"83a8a34\" data-element_type=\"container\">\n\t\t\t\t<div class=\"elementor-element elementor-element-35c2545 elementor-widget elementor-widget-image\" data-id=\"35c2545\" data-element_type=\"widget\" data-widget_type=\"image.default\">\n\t\t\t\t<div class=\"elementor-widget-container\">\n\t\t\t\t\t\t\t\t\t\t\t\t\t\t\t<img fetchpriority=\"high\" decoding=\"async\" width=\"800\" height=\"533\" src=\"https:\/\/www.chaschoc.unam.mx\/wp-content\/uploads\/2025\/11\/Mapa-de-ChacCHoc-Seja.png\" class=\"attachment-large size-large wp-image-165\" alt=\"\" \/>\t\t\t\t\t\t\t\t\t\t\t\t\t\t\t<\/div>\n\t\t\t\t<\/div>\n\t\t\t\t<\/div>\n\t\t\t\t\t<\/div>\n\t\t\t\t<\/div>\n\t\t<div class=\"elementor-element elementor-element-d55bcc4 e-flex e-con-boxed e-con e-parent\" data-id=\"d55bcc4\" data-element_type=\"container\">\n\t\t\t\t\t<div class=\"e-con-inner\">\n\t\t\t\t<div class=\"elementor-element elementor-element-0188a0b elementor-widget elementor-widget-text-editor\" data-id=\"0188a0b\" data-element_type=\"widget\" data-widget_type=\"text-editor.default\">\n\t\t\t\t<div class=\"elementor-widget-container\">\n\t\t\t\t\t\t\t\t\t<p>Desde mediados del siglo XX, la regi\u00f3n ha sido transformada por <strong>agricultura y ganader\u00eda extensivas, contaminaci\u00f3n, infraestructura petrolera y la expansi\u00f3n del cultivo industrial de palma de aceite<\/strong>, acelerando la degradaci\u00f3n ambiental (Carabias-Lillo et al. 2015; Torres Bernardino 2018). Entre 2000 y 2021, la p\u00e9rdida de cobertura vegetal ha alcanzado m\u00e1s del 13% en la laguna Chaschoc. A pesar de ello, el sistema conserva una biodiversidad excepcional: inventarios previos registraron m\u00e1s de 120 morfoespecies de fitoplancton \u2014incluidas especies t\u00f3xicas e indicadoras de contaminaci\u00f3n (Esqueda-Lara et al. 2016)\u2014, adem\u00e1s de reptiles, anfibios, aves acu\u00e1ticas y mam\u00edferos clave para Tabasco (CCGS 2017; Charruau et al. 2023; Garc\u00eda-Morales et al. 2022; Gordillo-Ch\u00e1vez et al. 2015).<\/p>\t\t\t\t\t\t\t\t<\/div>\n\t\t\t\t<\/div>\n\t\t\t\t\t<\/div>\n\t\t\t\t<\/div>\n\t\t<div class=\"elementor-element elementor-element-c0c908a e-flex e-con-boxed e-con e-parent\" data-id=\"c0c908a\" data-element_type=\"container\">\n\t\t\t\t\t<div class=\"e-con-inner\">\n\t\t<div class=\"elementor-element elementor-element-de309d4 e-con-full e-flex e-con e-child\" data-id=\"de309d4\" data-element_type=\"container\">\n\t\t\t\t<div class=\"elementor-element elementor-element-dc0a7ec elementor-widget elementor-widget-spacer\" data-id=\"dc0a7ec\" data-element_type=\"widget\" data-widget_type=\"spacer.default\">\n\t\t\t\t<div class=\"elementor-widget-container\">\n\t\t\t\t\t\t\t<div class=\"elementor-spacer\">\n\t\t\t<div class=\"elementor-spacer-inner\"><\/div>\n\t\t<\/div>\n\t\t\t\t\t\t<\/div>\n\t\t\t\t<\/div>\n\t\t\t\t<div class=\"elementor-element elementor-element-3fc4df7 elementor-widget elementor-widget-text-editor\" data-id=\"3fc4df7\" data-element_type=\"widget\" data-widget_type=\"text-editor.default\">\n\t\t\t\t<div class=\"elementor-widget-container\">\n\t\t\t\t\t\t\t\t\t<p>Los impactos ambientales tienen consecuencias directas para las comunidades locales. Un ejemplo cr\u00edtico fue la <strong>mortandad masiva de manat\u00edes y peces en 2018<\/strong>, asociada a sequ\u00eda severa, baja profundidad del agua y floraciones de algas nocivas por eutrofizaci\u00f3n, con efectos sociales, econ\u00f3micos y de salud (Animal Pol\u00edtico 2018; Mendoza-Ponce et al. 2021). Los escenarios clim\u00e1ticos proyectan que estos eventos ser\u00e1n cada vez m\u00e1s frecuentes.<\/p><p>Frente a este panorama, la investigaci\u00f3n propuesta busca <strong>entender c\u00f3mo los procesos de cambio global impactan la biodiversidad, la funcionalidad del sistema lagunar y la calidad de vida de las comunidades<\/strong>, mediante el an\u00e1lisis de la conectividad ecol\u00f3gica, la din\u00e1mica hidrol\u00f3gica y clim\u00e1tica, y especies indicadoras acu\u00e1ticas y terrestres. El enfoque es <strong>inter y transdisciplinario<\/strong>, articulado con los temas de prioridad nacional establecidos por la <span style=\"font-weight: 400;\">SECIHTI<\/span>.<\/p>\t\t\t\t\t\t\t\t<\/div>\n\t\t\t\t<\/div>\n\t\t\t\t<\/div>\n\t\t<div class=\"elementor-element elementor-element-8a2f852 e-con-full e-flex e-con e-child\" data-id=\"8a2f852\" data-element_type=\"container\">\n\t\t\t\t<div class=\"elementor-element elementor-element-ec687c3 elementor-widget elementor-widget-image\" data-id=\"ec687c3\" data-element_type=\"widget\" data-widget_type=\"image.default\">\n\t\t\t\t<div class=\"elementor-widget-container\">\n\t\t\t\t\t\t\t\t\t\t\t\t\t\t\t<img decoding=\"async\" width=\"800\" height=\"800\" src=\"https:\/\/www.chaschoc.unam.mx\/wp-content\/uploads\/2025\/11\/muerte-de-manati.png\" class=\"attachment-large size-large wp-image-166\" alt=\"\" \/>\t\t\t\t\t\t\t\t\t\t\t\t\t\t\t<\/div>\n\t\t\t\t<\/div>\n\t\t\t\t<\/div>\n\t\t\t\t\t<\/div>\n\t\t\t\t<\/div>\n\t\t<div class=\"elementor-element elementor-element-4b96784 e-flex e-con-boxed e-con e-parent\" data-id=\"4b96784\" data-element_type=\"container\">\n\t\t\t\t\t<div class=\"e-con-inner\">\n\t\t\t\t<div class=\"elementor-element elementor-element-57cd2a3 elementor-widget elementor-widget-text-editor\" data-id=\"57cd2a3\" data-element_type=\"widget\" data-widget_type=\"text-editor.default\">\n\t\t\t\t<div class=\"elementor-widget-container\">\n\t\t\t\t\t\t\t\t\t<p>El objetivo final es generar <strong>conocimiento y herramientas aplicables<\/strong>, capaces de guiar acciones de conservaci\u00f3n, restauraci\u00f3n y adaptaci\u00f3n basadas en evidencia cient\u00edfica, que puedan replicarse en otros sistemas socioecol\u00f3gicos tropicales.<\/p>\t\t\t\t\t\t\t\t<\/div>\n\t\t\t\t<\/div>\n\t\t\t\t\t<\/div>\n\t\t\t\t<\/div>\n\t\t\t\t<\/div>\n\t\t","protected":false},"excerpt":{"rendered":"<p>Antecedentes y relevancia del proyecto Chaschoc-Sej\u00e1 \u00a0 El planeta atraviesa un periodo de cambios socioambientales sin precedentes, con impactos que rebasan los l\u00edmites de estabilidad del sistema terrestre (R\u00f6ckstrom et al. 2009, 2023). Alteraciones en el clima, el ciclo del agua, los ciclos biogeoqu\u00edmicos, la cobertura del suelo, la biodiversidad y la presencia de nuevos contaminantes est\u00e1n modificando de forma acelerada los ecosistemas y afectando el bienestar humano (Steffen et al. 2015; Persson et al. 2022; Wang-Erlandsson et al. 2022). Estos procesos globales se expresan de manera directa en los sistemas locales, donde sus efectos se vuelven m\u00e1s visibles y urgentes. En este contexto, el sistema lagunar Chaschoc-Sej\u00e1 (SLCS), en Emiliano Zapata, Tabasco, se presenta como un microcosmos de los desaf\u00edos del cambio global. Parte de la cuenca baja del r\u00edo Usumacinta \u2014el humedal m\u00e1s extenso e importante de Mesoam\u00e9rica (Barba-Mac\u00edas et al. 2018)\u2014, este sistema concentra problem\u00e1ticas como deforestaci\u00f3n,&hellip;<\/p>\n<p> <a class=\"more-link\" href=\"https:\/\/www.chaschoc.unam.mx\/index.php\/antecedentes\/\">Leer m\u00e1s<\/a><\/p>\n","protected":false},"author":1,"featured_media":13,"parent":0,"menu_order":0,"comment_status":"closed","ping_status":"closed","template":"","meta":{"om_disable_all_campaigns":false,"_monsterinsights_skip_tracking":false,"_monsterinsights_sitenote_active":false,"_monsterinsights_sitenote_note":"","_monsterinsights_sitenote_category":0,"footnotes":""},"class_list":["post-53","page","type-page","status-publish","has-post-thumbnail"],"aioseo_notices":[],"_links":{"self":[{"href":"https:\/\/www.chaschoc.unam.mx\/index.php\/wp-json\/wp\/v2\/pages\/53","targetHints":{"allow":["GET"]}}],"collection":[{"href":"https:\/\/www.chaschoc.unam.mx\/index.php\/wp-json\/wp\/v2\/pages"}],"about":[{"href":"https:\/\/www.chaschoc.unam.mx\/index.php\/wp-json\/wp\/v2\/types\/page"}],"author":[{"embeddable":true,"href":"https:\/\/www.chaschoc.unam.mx\/index.php\/wp-json\/wp\/v2\/users\/1"}],"replies":[{"embeddable":true,"href":"https:\/\/www.chaschoc.unam.mx\/index.php\/wp-json\/wp\/v2\/comments?post=53"}],"version-history":[{"count":8,"href":"https:\/\/www.chaschoc.unam.mx\/index.php\/wp-json\/wp\/v2\/pages\/53\/revisions"}],"predecessor-version":[{"id":243,"href":"https:\/\/www.chaschoc.unam.mx\/index.php\/wp-json\/wp\/v2\/pages\/53\/revisions\/243"}],"wp:featuredmedia":[{"embeddable":true,"href":"https:\/\/www.chaschoc.unam.mx\/index.php\/wp-json\/wp\/v2\/media\/13"}],"wp:attachment":[{"href":"https:\/\/www.chaschoc.unam.mx\/index.php\/wp-json\/wp\/v2\/media?parent=53"}],"curies":[{"name":"wp","href":"https:\/\/api.w.org\/{rel}","templated":true}]}}