{"id":55,"date":"2025-11-10T20:06:26","date_gmt":"2025-11-10T20:06:26","guid":{"rendered":"https:\/\/www.chaschoc.unam.mx\/?page_id=55"},"modified":"2025-11-26T09:07:38","modified_gmt":"2025-11-26T03:07:38","slug":"objetivo","status":"publish","type":"page","link":"https:\/\/www.chaschoc.unam.mx\/index.php\/objetivo\/","title":{"rendered":"Objetivos"},"content":{"rendered":"\t\t<div data-elementor-type=\"wp-page\" data-elementor-id=\"55\" class=\"elementor elementor-55\">\n\t\t\t\t<div class=\"elementor-element elementor-element-fd92e17 e-flex e-con-boxed e-con e-parent\" data-id=\"fd92e17\" data-element_type=\"container\">\n\t\t\t\t\t<div class=\"e-con-inner\">\n\t\t\t\t<div class=\"elementor-element elementor-element-1a35aa6 elementor-widget elementor-widget-text-editor\" data-id=\"1a35aa6\" data-element_type=\"widget\" data-widget_type=\"text-editor.default\">\n\t\t\t\t<div class=\"elementor-widget-container\">\n\t\t\t\t\t\t\t\t\t<p><span style=\"color: #000000;\">El objetivo final es generar <strong>conocimiento y herramientas aplicables, capaces de guiar acciones de conservaci\u00f3n, restauraci\u00f3n y adaptaci\u00f3n basadas en evidencia cient\u00edfica, que puedan replicarse en otros sistemas socioecol\u00f3gicos tropicales.<\/strong><\/span><\/p><p><span style=\"color: #000000;\">El objetivo principal de este estudio es comprender los efectos hist\u00f3ricos y actuales de los procesos f\u00edsicos, clim\u00e1ticos, ambientales y sociales sobre un socioecosistema lagunar tropical. A trav\u00e9s de este conocimiento, buscamos proponer intervenciones basadas en la naturaleza que restauren la integridad ambiental del socioecosistema y beneficien a las personas que dependen de \u00e9l.<\/span><\/p><p><span style=\"color: #000000;\">Adem\u00e1s el proyecto tiene dos objetivos generales secundarios:<\/span><\/p>\t\t\t\t\t\t\t\t<\/div>\n\t\t\t\t<\/div>\n\t\t\t\t\t<\/div>\n\t\t\t\t<\/div>\n\t\t<div class=\"elementor-element elementor-element-1f5e956 e-flex e-con-boxed e-con e-parent\" data-id=\"1f5e956\" data-element_type=\"container\">\n\t\t\t\t\t<div class=\"e-con-inner\">\n\t\t\t\t<div class=\"elementor-element elementor-element-c994c85 elementor-view-default elementor-position-top elementor-mobile-position-top elementor-widget elementor-widget-icon-box\" data-id=\"c994c85\" data-element_type=\"widget\" data-widget_type=\"icon-box.default\">\n\t\t\t\t<div class=\"elementor-widget-container\">\n\t\t\t\t\t\t\t<div class=\"elementor-icon-box-wrapper\">\n\n\t\t\t\t\t\t<div class=\"elementor-icon-box-icon\">\n\t\t\t\t<span  class=\"elementor-icon\">\n\t\t\t\t<svg aria-hidden=\"true\" class=\"e-font-icon-svg e-fas-history\" viewBox=\"0 0 512 512\" xmlns=\"http:\/\/www.w3.org\/2000\/svg\"><path d=\"M504 255.531c.253 136.64-111.18 248.372-247.82 248.468-59.015.042-113.223-20.53-155.822-54.911-11.077-8.94-11.905-25.541-1.839-35.607l11.267-11.267c8.609-8.609 22.353-9.551 31.891-1.984C173.062 425.135 212.781 440 256 440c101.705 0 184-82.311 184-184 0-101.705-82.311-184-184-184-48.814 0-93.149 18.969-126.068 49.932l50.754 50.754c10.08 10.08 2.941 27.314-11.313 27.314H24c-8.837 0-16-7.163-16-16V38.627c0-14.254 17.234-21.393 27.314-11.314l49.372 49.372C129.209 34.136 189.552 8 256 8c136.81 0 247.747 110.78 248 247.531zm-180.912 78.784l9.823-12.63c8.138-10.463 6.253-25.542-4.21-33.679L288 256.349V152c0-13.255-10.745-24-24-24h-16c-13.255 0-24 10.745-24 24v135.651l65.409 50.874c10.463 8.137 25.541 6.253 33.679-4.21z\"><\/path><\/svg>\t\t\t\t<\/span>\n\t\t\t<\/div>\n\t\t\t\n\t\t\t\t\t\t<div class=\"elementor-icon-box-content\">\n\n\t\t\t\t\t\t\t\t\t<h3 class=\"elementor-icon-box-title\">\n\t\t\t\t\t\t<span  >\n\t\t\t\t\t\t\tMETODOLOG\u00cdA EFECTIVA\t\t\t\t\t\t<\/span>\n\t\t\t\t\t<\/h3>\n\t\t\t\t\n\t\t\t\t\t\t\t\t\t<p class=\"elementor-icon-box-description\">\n\t\t\t\t\t\tDesarrollar y probar una metodolog\u00eda para evaluar los efectos hist\u00f3ricos y actuales de los procesos clim\u00e1ticos, ambientales y sociales en socioecosistemas lagunares tropicales, con la posibilidad de replicarla en otros sistemas similares.\t\t\t\t\t<\/p>\n\t\t\t\t\n\t\t\t<\/div>\n\t\t\t\n\t\t<\/div>\n\t\t\t\t\t\t<\/div>\n\t\t\t\t<\/div>\n\t\t\t\t\t<\/div>\n\t\t\t\t<\/div>\n\t\t<div class=\"elementor-element elementor-element-dfbbf0e e-flex e-con-boxed e-con e-parent\" data-id=\"dfbbf0e\" data-element_type=\"container\">\n\t\t\t\t\t<div class=\"e-con-inner\">\n\t\t\t\t<div class=\"elementor-element elementor-element-cf2b09d elementor-widget elementor-widget-text-editor\" data-id=\"cf2b09d\" data-element_type=\"widget\" data-widget_type=\"text-editor.default\">\n\t\t\t\t<div class=\"elementor-widget-container\">\n\t\t\t\t\t\t\t\t\t<p style=\"text-align: center;\"><strong><span style=\"color: #008000;\">Desarrollar una metodolog\u00eda efectiva para evaluar los efectos de los procesos clim\u00e1ticos, ambientales y sociales en los socioecosistemas lagunares tropicales. Esta metodolog\u00eda ser\u00e1 probada y refinada en el contexto espec\u00edfico de este estudio, pero tambi\u00e9n tendr\u00e1 el potencial de ser replicada en otros sistemas similares, lo que permitir\u00e1 ampliar su aplicabilidad y contribuir al conocimiento cient\u00edfico en general.<\/span><\/strong><\/p>\t\t\t\t\t\t\t\t<\/div>\n\t\t\t\t<\/div>\n\t\t\t\t\t<\/div>\n\t\t\t\t<\/div>\n\t\t<div class=\"elementor-element elementor-element-94a7e5f e-flex e-con-boxed e-con e-parent\" data-id=\"94a7e5f\" data-element_type=\"container\">\n\t\t\t\t\t<div class=\"e-con-inner\">\n\t\t\t\t<div class=\"elementor-element elementor-element-f075ea1 elementor-view-default elementor-position-top elementor-mobile-position-top elementor-widget elementor-widget-icon-box\" data-id=\"f075ea1\" data-element_type=\"widget\" data-widget_type=\"icon-box.default\">\n\t\t\t\t<div class=\"elementor-widget-container\">\n\t\t\t\t\t\t\t<div class=\"elementor-icon-box-wrapper\">\n\n\t\t\t\t\t\t<div class=\"elementor-icon-box-icon\">\n\t\t\t\t<span  class=\"elementor-icon\">\n\t\t\t\t<svg aria-hidden=\"true\" class=\"e-font-icon-svg e-fas-network-wired\" viewBox=\"0 0 640 512\" xmlns=\"http:\/\/www.w3.org\/2000\/svg\"><path d=\"M640 264v-16c0-8.84-7.16-16-16-16H344v-40h72c17.67 0 32-14.33 32-32V32c0-17.67-14.33-32-32-32H224c-17.67 0-32 14.33-32 32v128c0 17.67 14.33 32 32 32h72v40H16c-8.84 0-16 7.16-16 16v16c0 8.84 7.16 16 16 16h104v40H64c-17.67 0-32 14.33-32 32v128c0 17.67 14.33 32 32 32h160c17.67 0 32-14.33 32-32V352c0-17.67-14.33-32-32-32h-56v-40h304v40h-56c-17.67 0-32 14.33-32 32v128c0 17.67 14.33 32 32 32h160c17.67 0 32-14.33 32-32V352c0-17.67-14.33-32-32-32h-56v-40h104c8.84 0 16-7.16 16-16zM256 128V64h128v64H256zm-64 320H96v-64h96v64zm352 0h-96v-64h96v64z\"><\/path><\/svg>\t\t\t\t<\/span>\n\t\t\t<\/div>\n\t\t\t\n\t\t\t\t\t\t<div class=\"elementor-icon-box-content\">\n\n\t\t\t\t\t\t\t\t\t<h3 class=\"elementor-icon-box-title\">\n\t\t\t\t\t\t<span  >\n\t\t\t\t\t\t\tGrupo de investigaci\u00f3n\t\t\t\t\t\t<\/span>\n\t\t\t\t\t<\/h3>\n\t\t\t\t\n\t\t\t\t\t\t\t\t\t<p class=\"elementor-icon-box-description\">\n\t\t\t\t\t\tEstablecer un grupo de investigaci\u00f3n interdisciplinario enfocado en el cambio global en sistemas acu\u00e1ticos continentales y ecosistemas adyacentes.\t\t\t\t\t<\/p>\n\t\t\t\t\n\t\t\t<\/div>\n\t\t\t\n\t\t<\/div>\n\t\t\t\t\t\t<\/div>\n\t\t\t\t<\/div>\n\t\t\t\t\t<\/div>\n\t\t\t\t<\/div>\n\t\t<div class=\"elementor-element elementor-element-739236e e-flex e-con-boxed e-con e-parent\" data-id=\"739236e\" data-element_type=\"container\">\n\t\t\t\t\t<div class=\"e-con-inner\">\n\t\t\t\t<div class=\"elementor-element elementor-element-a69082e elementor-widget elementor-widget-text-editor\" data-id=\"a69082e\" data-element_type=\"widget\" data-widget_type=\"text-editor.default\">\n\t\t\t\t<div class=\"elementor-widget-container\">\n\t\t\t\t\t\t\t\t\t<p><strong><span style=\"color: #339966;\">\u00a0<\/span><\/strong><\/p><p><strong><span style=\"color: #339966;\">Este grupo de investigaci\u00f3n iniciar\u00eda su colaboraci\u00f3n con este proyecto, aportando conocimientos y habilidades complementarias de diversas disciplinas. Esta experiencia sentar\u00eda las bases para la colaboraci\u00f3n interdisciplinaria a m\u00e1s largo plazo, permitiendo consolidar un enfoque hol\u00edstico y fomentando la generaci\u00f3n de soluciones innovadoras y sustentables.<\/span><\/strong><\/p>\t\t\t\t\t\t\t\t<\/div>\n\t\t\t\t<\/div>\n\t\t\t\t\t<\/div>\n\t\t\t\t<\/div>\n\t\t\t\t<\/div>\n\t\t","protected":false},"excerpt":{"rendered":"<p>El objetivo final es generar conocimiento y herramientas aplicables, capaces de guiar acciones de conservaci\u00f3n, restauraci\u00f3n y adaptaci\u00f3n basadas en evidencia cient\u00edfica, que puedan replicarse en otros sistemas socioecol\u00f3gicos tropicales. El objetivo principal de este estudio es comprender los efectos hist\u00f3ricos y actuales de los procesos f\u00edsicos, clim\u00e1ticos, ambientales y sociales sobre un socioecosistema lagunar tropical. A trav\u00e9s de este conocimiento, buscamos proponer intervenciones basadas en la naturaleza que restauren la integridad ambiental del socioecosistema y beneficien a las personas que dependen de \u00e9l. Adem\u00e1s el proyecto tiene dos objetivos generales secundarios: METODOLOG\u00cdA EFECTIVA Desarrollar y probar una metodolog\u00eda para evaluar los efectos hist\u00f3ricos y actuales de los procesos clim\u00e1ticos, ambientales y sociales en socioecosistemas lagunares tropicales, con la posibilidad de replicarla en otros sistemas similares. Desarrollar una metodolog\u00eda efectiva para evaluar los efectos de los procesos clim\u00e1ticos, ambientales y sociales en los socioecosistemas lagunares tropicales. Esta metodolog\u00eda ser\u00e1 probada&hellip;<\/p>\n<p> <a class=\"more-link\" href=\"https:\/\/www.chaschoc.unam.mx\/index.php\/objetivo\/\">Leer m\u00e1s<\/a><\/p>\n","protected":false},"author":1,"featured_media":171,"parent":0,"menu_order":0,"comment_status":"closed","ping_status":"closed","template":"","meta":{"om_disable_all_campaigns":false,"_monsterinsights_skip_tracking":false,"_monsterinsights_sitenote_active":false,"_monsterinsights_sitenote_note":"","_monsterinsights_sitenote_category":0,"footnotes":""},"class_list":["post-55","page","type-page","status-publish","has-post-thumbnail"],"aioseo_notices":[],"_links":{"self":[{"href":"https:\/\/www.chaschoc.unam.mx\/index.php\/wp-json\/wp\/v2\/pages\/55","targetHints":{"allow":["GET"]}}],"collection":[{"href":"https:\/\/www.chaschoc.unam.mx\/index.php\/wp-json\/wp\/v2\/pages"}],"about":[{"href":"https:\/\/www.chaschoc.unam.mx\/index.php\/wp-json\/wp\/v2\/types\/page"}],"author":[{"embeddable":true,"href":"https:\/\/www.chaschoc.unam.mx\/index.php\/wp-json\/wp\/v2\/users\/1"}],"replies":[{"embeddable":true,"href":"https:\/\/www.chaschoc.unam.mx\/index.php\/wp-json\/wp\/v2\/comments?post=55"}],"version-history":[{"count":11,"href":"https:\/\/www.chaschoc.unam.mx\/index.php\/wp-json\/wp\/v2\/pages\/55\/revisions"}],"predecessor-version":[{"id":256,"href":"https:\/\/www.chaschoc.unam.mx\/index.php\/wp-json\/wp\/v2\/pages\/55\/revisions\/256"}],"wp:featuredmedia":[{"embeddable":true,"href":"https:\/\/www.chaschoc.unam.mx\/index.php\/wp-json\/wp\/v2\/media\/171"}],"wp:attachment":[{"href":"https:\/\/www.chaschoc.unam.mx\/index.php\/wp-json\/wp\/v2\/media?parent=55"}],"curies":[{"name":"wp","href":"https:\/\/api.w.org\/{rel}","templated":true}]}}